{"id":2160,"date":"2025-03-14T11:52:56","date_gmt":"2025-03-14T15:52:56","guid":{"rendered":"https:\/\/apps.vdh.virginia.gov\/omhhe\/hoi\/?page_id=2160"},"modified":"2025-03-14T12:14:13","modified_gmt":"2025-03-14T16:14:13","slug":"hoi-profile-references","status":"publish","type":"page","link":"https:\/\/apps.vdh.virginia.gov\/omhhe\/hoi\/hoi-profile-references","title":{"rendered":"HOI Indicator \/ Profile References"},"content":{"rendered":"<p>Agency for Healthcare Research and Quality (2024). Access to care. <a href=\"https:\/\/www.ahrq.gov\/topics\/access-care.html\">https:\/\/www.ahrq.gov\/topics\/access-care.html<\/a><\/p>\n<p>American Heart Association (2024). <i>Getting active to control high blood pressure<\/i>. <a href=\"https:\/\/www.heart.org\/en\/health-topics\/high-blood-pressure\/changes-you-can-make-to-manage-high-blood-pressure\/getting-active-to-control-high-blood-pressure\">https:\/\/www.heart.org\/en\/health-topics\/high-blood-pressure\/changes-you-can-make-to-manage-high-blood-pressure\/getting-active-to-control-high-blood-pressure<\/a><b><u><\/u><\/b><\/p>\n<p>American Hospital Association (2025). <em>Social determinants of health series, transportation and the role of hospitals.<\/em> <a href=\"https:\/\/www.aha.org\/ahahret-guides\/2017-11-15-social-determinants-health-series-transportation-and-role-hospitals\">https:\/\/www.aha.org\/ahahret-guides\/2017-11-15-social-determinants-health-series-transportation-and-role-hospitals<\/a><\/p>\n<p>Avendano M &amp; Berkman LF (2014). Labor markets, employment policies, and health. In: Berkman LF, Kawachi I, Glymour MM, eds. Social Epidemiology. 2nd edition. Oxford Academic:182\u2013233. doi: 10.1093\/med\/9780195377903.003.0006<\/p>\n<p>Babey, S. H, Diamant, A. L, Hastert, T. A, Harvey, S., &amp; al., E. (2008). Designed for Disease: The Link Between Local Food Environments and Obesity and Diabetes. <em>UCLA: Center for Health Policy Research<\/em>. Retrieved from https:\/\/escholarship.org\/uc\/item\/7sf9t5wx<\/p>\n<p>Bennett D.L.(2001).Educational inequailty in the United States: Methodology and historical estimates of education Gini coefficients. <em>Econ. Modeling Microeconom. Stud<\/em>. Health. doi: 10.2139\/ssrn.2134646.<\/p>\n<p>Braveman P, &amp; Gottlieb L. (2014). The social determinants of health: it&#8217;s time to consider the causes of the causes. <em>Public Health Rep<\/em>. 129(2):19-31. doi: 10.1177\/00333549141291S206.<\/p>\n<p>Brookings Institution (2006). <em>The Affordability Index: A New Tool for Measuring the True Affordability of a Housing Choice. Urban Market Initiative<\/em>. <a href=\"https:\/\/www.brookings.edu\/wp-content\/uploads\/2016\/06\/20060127_affindex.pdf\">BrkgsMrktInnBrfAffrdIndREV.qxd (Page 1) (brookings.edu)<\/a><\/p>\n<p>Christian, W. J., Huang, B., Rinehart, J., &amp; Hopenhayn, C. (2011). Exploring geographic variation in lung cancer incidence in Kentucky using a spatial scan statistic: Elevated risk in the Appalachian coal-mining region<em>. Public health reports<\/em>. 126(6), 789\u2013796. <a href=\"https:\/\/doi.org\/10.1177\/003335491112600604\">https:\/\/doi.org\/10.1177\/003335491112600604<\/a><\/p>\n<p>Ehrlich, I (1990). The problem of development: Introduction. <em>Journal of Political Economy<\/em>; 98 (5): S1\u2013S11.<\/p>\n<p>Elsinga M., De Decker P., Teller N., Toussaint J. (Eds). (2008). <em>Home ownership beyond asset and security: perceptions of housing related security and insecurity in eight European countries<\/em>. IOS Press BV<\/p>\n<p>Environmental Protection Agency (2024). <em>National scale air Toxics assessment. <\/em><a href=\"https:\/\/www.epa.gov\/national-air-toxics-assessment\">National Air Toxics Assessment | US EPA<\/a><\/p>\n<p>Handley, C. E., Oakley, D., &amp; Saville, C. W. (2020). Residential churn moderates the relationship between economic deprivation and psychiatric admission: evidence from Wales. <em>Journal of Epidemiology and Community Health<\/em>, 74(7), 560-564.<\/p>\n<p>Hahn, R. A. (2017). Racial and ethnic residential segregation as a root social determinant of public health and health inequity: a persistent public health challenge in the United States. <em>Poverty &amp; Race Research Action Council<\/em>; 26(2), 3-4.<\/p>\n<p>Hellmann S.S, M\u00f8ller S.P, Ersb\u00f8ll A.K, Santini Z.I., Nielsen B.D., Gr\u00f8nb\u00e6k M.K et al., (2023). Labor force participation during COVID-19 and risk of depression: a Danish register study,\u00a0<em>European Journal of Public Health<\/em>, 33(1); 80\u201386,\u00a0<a href=\"https:\/\/doi.org\/10.1093\/eurpub\/ckac168\">https:\/\/doi.org\/10.1093\/eurpub\/ckac168<\/a><\/p>\n<p><span style=\"color: #212121; background: white;\">International Monetary Fund (2022). <i>Income inequality: Introduction to inequality.<\/i> <\/span><a href=\"https:\/\/www.imf.org\/en\/Topics\/Inequality\/introduction-to-inequality\">Introduction to Inequality (imf.org)<\/a><\/p>\n<p>International Physical Activity and Environment Network (2023). International physical activity and the environment network. <a href=\"https:\/\/ipenproject.org\/\">https:\/\/ipenproject.org\/<\/a><\/p>\n<p>Johnson CJ, Willming M, &amp; Paden N(2020). <em>Detection of clusters of lung cancer incidence in Idaho with ecological adjustment for smoking, radon, fine particulate air pollution, elevation, and socioeconomic position.<\/em> Cancer Data Registry of Idaho. <a href=\"https:\/\/idcancer.org\/ContentFiles\/special\/Idaho_lung_cancer_incidence_patterns_2007-2016.pdf\">Detection of clusters of lung cancer incidence in Idaho with ecological adjustment for smoking, radon, fine particulate air pollution, elevation, and socioeconomic position.<\/a><\/p>\n<p>Kawabata M. and Shen. (2006). Job accessibility as an indicator of auto-oriented urban structure: a comparison of Boston and Los Angeles with Tokyo<em>. Environmental and Planning: Planning and Design<\/em>. 33; 115-130. <a href=\"https:\/\/journals.sagepub.com\/doi\/epdf\/10.1068\/b31144\">https:\/\/journals.sagepub.com\/doi\/epdf\/10.1068\/b31144<\/a><\/p>\n<p>Liu D and Kwan M.P (2020). Measuring job accessibility through integrating travel time, transit fare and income: A study of the Chicago metropolitan area. <em>Journal of Economic and Human Geography,<\/em> 11(4); 671-685<\/p>\n<p>Massey D.S. &amp; Denton N.A (1988).The Dimensions of Residential Segregation. <em>Social Forces<\/em>; 67(2): 281-315.<\/p>\n<p>Marmot\u00a0M. (2024). Income inequality and health: a new\u00a0challenge. <i>J Epidemiol Community Health.<\/i> 78(12); 779-781. doi:10.1136\/jech-2024-222896<\/p>\n<p>Mdingi K. and Ho S. (2021). Literature review on income inequality and economic growth. <em>Methods X; <\/em>8: 101402<\/p>\n<p>Ogojiaku C.N., Allen J.C., Anson-Dwamena R., Barnett K.S., Adetona O., Im W., &amp; Hood D.B ( 2020). The health opportunity index: Understanding the input to disparate health outcomes in vulnerable and high-risk census tracts. <i>International Journal of Environmental Research and Public Health. 17; 5767<\/i><\/p>\n<p>O&#8217;Neil, M. E., Henley, S. J., Rohan, E. A., Ellington, T. D., &amp; Gallaway, M. S. (2019). Lung Cancer Incidence in Nonmetropolitan and Metropolitan Counties &#8211; United States, 2007-2016. <em>MMWR Morbidity and Mortality Weekly Report<\/em>, 68(44), 993\u2013998. https:\/\/doi.org\/10.15585\/mmwr.mm6844a1<\/p>\n<p>Pampalon, R.; Hamel, D.; Gamache, P.; Philibert, M.D.; Raymond, G.; &amp; Simpson, A (2012).An area-based material and social deprivation index for public health in Qu\u00e9bec and Canada. Can. <em>J. Public Health Rev. Can. Sante Publique,<\/em> S17\u2013S22.<\/p>\n<p>Perdue WC, Stone LA, &amp; Gostin LO (2003). The built environment and its relationship to the public&#8217;s health: the legal framework. <em>Am J Public Health. <\/em>93(9):1390-4. doi: 10.2105\/ajph.93.9.1390.<\/p>\n<p>Roberts J.A.(2021). Access to Employment as Access to Health: Revisiting the\u00a0Better Bottom Line. <em>Dela J Public Health.<\/em> 13;7(2):22-25. doi: 10.32481\/djph.2021.03.008.<\/p>\n<p>Rohe W.M., &amp; Stegman M.A.(1994). The impact of home ownership on the social and political involvement of low-income people. <em>Urban Affairs Quarterly<\/em>; 30(1):152\u2013172.<\/p>\n<p>Romer P. M. (1990). Endogenous technological change. <em>Journal of Political Economy<\/em>; 98 (5): S71\u2013S102.<\/p>\n<p>Saint-Paul G., &amp; Verdier T. (1993). Education, democracy and growth. <em>Journal of Development Economics<\/em>; 42 (2): 399\u2013407.<\/p>\n<p>Solow, R.(1991). \u2018Growth theory.\u2019 in companion to contemporary economic thought, edited by Greenaway D., Bleaney M., and Stewart I. London: Routledge.<\/p>\n<p>Stankowski S.J(1972). Population density as an indirect indicator of urban and suburban land-surface modifications. <em>US Geol. Surv. Prof. Pap<\/em>. ;800:219\u2013224.<\/p>\n<p>Steale J., &amp; Arcaya M. (2023). Residential segregation and health: history, harms, and next steps.\u00a0 <em>Health Affairs Health Policy Brief<\/em>. DOI: 10.1377\/hpb20230321.580719<\/p>\n<p>Trading Economics (2023). United States labor force participation rate. <a href=\"https:\/\/tradingeconomics.com\/united-states\/labor-force-participation-rate#calendar-table\">https:\/\/tradingeconomics.com\/united-states\/labor-force-participation-rate#calendar-table<\/a><\/p>\n<p>USDA (2024<em>). Food Access Research Atlas<\/em>. <a href=\"https:\/\/www.ers.usda.gov\/data-products\/food-access-research-atlas\/\">https:\/\/www.ers.usda.gov\/data-products\/food-access-research-atlas\/<\/a><\/p>\n<p>U.S Department of Housing and Urban Development (2023). <em>Location Affordability Index. <\/em><a href=\"https:\/\/www.hudexchange.info\/programs\/location-affordability-index\/\">Location Affordability Index &#8211; HUD Exchange<\/a><\/p>\n<p>U.S Department of Health and Human Services (2023). <em>Housing Instability<\/em>. <a href=\"https:\/\/health.gov\/healthypeople\/priority-areas\/social-determinants-health\/literature-summaries\/housing-instability\">https:\/\/health.gov\/healthypeople\/priority-areas\/social-determinants-health\/literature-summaries\/housing-instability<\/a><\/p>\n<p>U.S. Department of Health and Human Services (2024). <i>Incarceration. <\/i><a href=\"https:\/\/odphp.health.gov\/healthypeople\/priority-areas\/social-determinants-health\/literature-summaries\/incarceration#:~:text=When%20compared%20to%20the%20general,had%20a%20mental%20health%20disorder\">https:\/\/odphp.health.gov\/healthypeople\/priority-areas\/social-determinants-health\/literature-summaries\/incarceration#:~:text=When%20compared%20to%20the%20general,had%20a%20mental%20health%20disorder<\/a>.<\/p>\n<p>U.S Health Resources and Services Administration (2024). <em>Rural health disparities<\/em>. Rural Health Information Hub <a href=\"https:\/\/www.ruralhealthinfo.org\/topics\/rural-health-disparities\">Rural Health Disparities Overview &#8211; Rural Health Information Hub<\/a><\/p>\n<p>Venkataramani A.S, Brigell R., O\u2019 Brien R., Chatterjee P., Kawachi I., Tsai A.C (2016). Economic opportunity, health behaviors, and health outcomes in the USA: A population based cross-sectional study. <i>Lancet Public Health<\/i>; 1(1): e18-e25<\/p>\n<p>Ver Ploeg et al., (2009). <em>Access to Affordable and Nutritious Food-Measuring and Understanding Food Deserts and Their Consequences: Report to Congress<\/em> <a href=\"https:\/\/www.ers.usda.gov\/webdocs\/publications\/42711\/12715_ap036_reportsummary_1_.pdf?v=7691.5\">https:\/\/www.ers.usda.gov\/webdocs\/publications\/42711\/12715_ap036_reportsummary_1_.pdf?v=7691.5<\/a><\/p>\n<p>Widra E (2024). <i>States of incarceration: The global context 2024<\/i>. Prison Policy Initiative. <a href=\"https:\/\/www.prisonpolicy.org\/global\/2024.html#:~:text=Methodology,-Like%20our%20report%20Mass%20Incarceration\">https:\/\/www.prisonpolicy.org\/global\/2024.html#:~:text=Methodology,-Like%20our%20report%20Mass%20Incarceration<\/a><\/p>\n<p>Yousaf S., &amp; Bonsall A (2017). UK Townsend deprivation scores from 2011 census data. <em>Economic and Social Research Council. <\/em><a href=\"http:\/\/statistics.digitalresources.jisc.ac.uk.s3.amazonaws.com\/dkan\/files\/Townsend_Deprivation_Scores\/UK%20Townsend%20Deprivation%20Scores%20from%202011%20census%20data.pdf\">http:\/\/statistics.digitalresources.jisc.ac.uk.s3.amazonaws.com\/dkan\/files\/Townsend_Deprivation_Scores\/UK%20Townsend%20Deprivation%20Scores%20from%202011%20census%20data.pdf<\/a><\/p>\n<p>Yuce H, Stauss H, &amp;Persad A. (2024). Use of Population Weighted Density Index for Coronavirus Spread in the United States. <em>JHEOR<\/em>;11(2):1-8. doi:10.36469\/001c.117784<\/p>\n<\/hr>\n<p style=\"text-align: right;\"><a class=\"button\" href=\"https:\/\/apps.vdh.virginia.gov\/omhhe\/hoi\/497-2\">HOI Methodology<\/a> <a class=\"button\" href=\"https:\/\/apps.vdh.virginia.gov\/omhhe\/hoi\/506-2\">HOI Indicators<\/a> <a class=\"button\" href=\"https:\/\/apps.vdh.virginia.gov\/omhhe\/hoi\/data\">Explore the HOI<\/a><\/p>\n","protected":false},"excerpt":{"rendered":"<p>Agency for Healthcare Research and Quality (2024). Access to care. https:\/\/www.ahrq.gov\/topics\/access-care.html American Heart Association (2024). Getting active to control high blood pressure. https:\/\/www.heart.org\/en\/health-topics\/high-blood-pressure\/changes-you-can-make-to-manage-high-blood-pressure\/getting-active-to-control-high-blood-pressure American Hospital Association (2025). Social determinants of health series, transportation and the role of hospitals. https:\/\/www.aha.org\/ahahret-guides\/2017-11-15-social-determinants-health-series-transportation-and-role-hospitals Avendano M &amp; Berkman LF (2014). Labor markets, employment policies, and health. In: Berkman LF, Kawachi &hellip; <a href=\"https:\/\/apps.vdh.virginia.gov\/omhhe\/hoi\/hoi-profile-references\" class=\"more-link\">Continue reading <span class=\"screen-reader-text\">HOI Indicator \/ Profile References<\/span><\/a><\/p>\n","protected":false},"author":9,"featured_media":0,"parent":0,"menu_order":0,"comment_status":"closed","ping_status":"closed","template":"page-templates\/maisha-blocks.php","meta":{"footnotes":""},"class_list":["post-2160","page","type-page","status-publish","hentry"],"_links":{"self":[{"href":"https:\/\/apps.vdh.virginia.gov\/omhhe\/hoi\/wp-json\/wp\/v2\/pages\/2160","targetHints":{"allow":["GET"]}}],"collection":[{"href":"https:\/\/apps.vdh.virginia.gov\/omhhe\/hoi\/wp-json\/wp\/v2\/pages"}],"about":[{"href":"https:\/\/apps.vdh.virginia.gov\/omhhe\/hoi\/wp-json\/wp\/v2\/types\/page"}],"author":[{"embeddable":true,"href":"https:\/\/apps.vdh.virginia.gov\/omhhe\/hoi\/wp-json\/wp\/v2\/users\/9"}],"replies":[{"embeddable":true,"href":"https:\/\/apps.vdh.virginia.gov\/omhhe\/hoi\/wp-json\/wp\/v2\/comments?post=2160"}],"version-history":[{"count":4,"href":"https:\/\/apps.vdh.virginia.gov\/omhhe\/hoi\/wp-json\/wp\/v2\/pages\/2160\/revisions"}],"predecessor-version":[{"id":2166,"href":"https:\/\/apps.vdh.virginia.gov\/omhhe\/hoi\/wp-json\/wp\/v2\/pages\/2160\/revisions\/2166"}],"wp:attachment":[{"href":"https:\/\/apps.vdh.virginia.gov\/omhhe\/hoi\/wp-json\/wp\/v2\/media?parent=2160"}],"curies":[{"name":"wp","href":"https:\/\/api.w.org\/{rel}","templated":true}]}}